{"id":2,"date":"2014-11-10T15:55:05","date_gmt":"2014-11-10T13:55:05","guid":{"rendered":"http:\/\/technischeredaktion.com\/multimediaprojekte\/?page_id=2"},"modified":"2022-01-12T12:18:13","modified_gmt":"2022-01-12T10:18:13","slug":"about","status":"publish","type":"page","link":"https:\/\/technischeredaktion.com\/multimediaprojekte\/about\/","title":{"rendered":"Zur Person"},"content":{"rendered":"\n<p><\/p>\n\n\n\n<figure class=\"wp-block-image size-full\"><img loading=\"lazy\" decoding=\"async\" width=\"640\" height=\"443\" src=\"http:\/\/technischeredaktion.com\/multimediaprojekte\/wp-content\/uploads\/2018\/03\/Martin_Schober_640_443.png\" alt=\"\" class=\"wp-image-1230\" srcset=\"https:\/\/technischeredaktion.com\/multimediaprojekte\/wp-content\/uploads\/2018\/03\/Martin_Schober_640_443.png 640w, https:\/\/technischeredaktion.com\/multimediaprojekte\/wp-content\/uploads\/2018\/03\/Martin_Schober_640_443-200x138.png 200w, https:\/\/technischeredaktion.com\/multimediaprojekte\/wp-content\/uploads\/2018\/03\/Martin_Schober_640_443-300x208.png 300w\" sizes=\"auto, (max-width: 640px) 100vw, 640px\" \/><\/figure>\n\n\n\n<p>Martin Schober ist Professor f\u00fcr Internet- und Medientechnologie an der Hochschule Karlsruhe und Studiendekan des Bachelor-Studiengangs Kommunikation und Medienmanagement. Er besch\u00e4ftigt sich mit der Erstellung und Konzeption von mehrsprachigen, multimedialen, interaktiven Lernanwendungen f\u00fcr das Web und mobile Ger\u00e4te sowie der Generierung der hierf\u00fcr ben\u00f6tigten Medien.<\/p>\n\n\n\n<p>Prof. Martin Schober forscht auf den Gebieten E-Learning und Virtual Reality im Rahmen des EU-Projekts EVEIL 3D (Virtuelle Umgebung f\u00fcr 3D-immersives Fremdsprachenlernen).<\/p>\n\n\n\n<p><\/p>\n","protected":false},"excerpt":{"rendered":"<p>Martin Schober ist Professor f\u00fcr Internet- und Medientechnologie an der Hochschule Karlsruhe und Studiendekan des Bachelor-Studiengangs Kommunikation und Medienmanagement. Er besch\u00e4ftigt sich mit der Erstellung<\/p>\n","protected":false},"author":2,"featured_media":0,"parent":0,"menu_order":0,"comment_status":"closed","ping_status":"closed","template":"","meta":{"footnotes":""},"class_list":["post-2","page","type-page","status-publish","hentry"],"_links":{"self":[{"href":"https:\/\/technischeredaktion.com\/multimediaprojekte\/wp-json\/wp\/v2\/pages\/2","targetHints":{"allow":["GET"]}}],"collection":[{"href":"https:\/\/technischeredaktion.com\/multimediaprojekte\/wp-json\/wp\/v2\/pages"}],"about":[{"href":"https:\/\/technischeredaktion.com\/multimediaprojekte\/wp-json\/wp\/v2\/types\/page"}],"author":[{"embeddable":true,"href":"https:\/\/technischeredaktion.com\/multimediaprojekte\/wp-json\/wp\/v2\/users\/2"}],"replies":[{"embeddable":true,"href":"https:\/\/technischeredaktion.com\/multimediaprojekte\/wp-json\/wp\/v2\/comments?post=2"}],"version-history":[{"count":8,"href":"https:\/\/technischeredaktion.com\/multimediaprojekte\/wp-json\/wp\/v2\/pages\/2\/revisions"}],"predecessor-version":[{"id":1656,"href":"https:\/\/technischeredaktion.com\/multimediaprojekte\/wp-json\/wp\/v2\/pages\/2\/revisions\/1656"}],"wp:attachment":[{"href":"https:\/\/technischeredaktion.com\/multimediaprojekte\/wp-json\/wp\/v2\/media?parent=2"}],"curies":[{"name":"wp","href":"https:\/\/api.w.org\/{rel}","templated":true}]}}